{"id":14,"date":"2024-07-13T11:42:07","date_gmt":"2024-07-13T11:42:07","guid":{"rendered":"https:\/\/musikgo.org\/?page_id=14"},"modified":"2024-11-02T15:45:45","modified_gmt":"2024-11-02T15:45:45","slug":"willkommen-bei-musikgo","status":"publish","type":"page","link":"https:\/\/musikgo.org\/","title":{"rendered":"Willkommen bei MusikGo!"},"content":{"rendered":"\n<h1 class=\"wp-block-heading\"><\/h1>\n\n\n\n<p>MusikGo! ist eine gemeinn\u00fctzige Musikorganisation, die von engagierten Studierenden ins Leben gerufen wurde. Unser Ziel ist es, Musikerinnen und Musiker aus verschiedenen Teilen der Welt zusammenzubringen und Konzerte in Altenheimen, Kirchen und anderen \u00f6ffentlichen Einrichtungen zu veranstalten. Mit unseren musikalischen Darbietungen m\u00f6chten wir Freude und Trost spenden sowie das Gemeinschaftsgef\u00fchl st\u00e4rken.<\/p>\n\n\n\n<p class=\"has-text-align-center\"><\/p>\n\n\n\n<p class=\"has-text-align-center\">\u00a9 2024 MusikGo! | Alle Rechte vorbehalten | <a href=\" \">Impressum<\/a><\/p>\n\n\n<\/p>","protected":false},"excerpt":{"rendered":"<p>MusikGo! ist eine gemeinn\u00fctzige Musikorganisation, die von engagierten Studierenden ins Leben gerufen wurde. Unser Ziel ist es, Musikerinnen und Musiker aus verschiedenen Teilen der Welt zusammenzubringen und Konzerte in Altenheimen, Kirchen und anderen \u00f6ffentlichen Einrichtungen zu veranstalten. Mit unseren musikalischen Darbietungen m\u00f6chten wir Freude und Trost spenden sowie das Gemeinschaftsgef\u00fchl st\u00e4rken.<\/p>\n","protected":false},"author":1,"featured_media":133,"parent":0,"menu_order":0,"comment_status":"closed","ping_status":"closed","template":"","meta":{"footnotes":""},"class_list":["post-14","page","type-page","status-publish","has-post-thumbnail","hentry"],"_links":{"self":[{"href":"https:\/\/musikgo.org\/index.php?rest_route=\/wp\/v2\/pages\/14","targetHints":{"allow":["GET"]}}],"collection":[{"href":"https:\/\/musikgo.org\/index.php?rest_route=\/wp\/v2\/pages"}],"about":[{"href":"https:\/\/musikgo.org\/index.php?rest_route=\/wp\/v2\/types\/page"}],"author":[{"embeddable":true,"href":"https:\/\/musikgo.org\/index.php?rest_route=\/wp\/v2\/users\/1"}],"replies":[{"embeddable":true,"href":"https:\/\/musikgo.org\/index.php?rest_route=%2Fwp%2Fv2%2Fcomments&post=14"}],"version-history":[{"count":5,"href":"https:\/\/musikgo.org\/index.php?rest_route=\/wp\/v2\/pages\/14\/revisions"}],"predecessor-version":[{"id":135,"href":"https:\/\/musikgo.org\/index.php?rest_route=\/wp\/v2\/pages\/14\/revisions\/135"}],"wp:featuredmedia":[{"embeddable":true,"href":"https:\/\/musikgo.org\/index.php?rest_route=\/wp\/v2\/media\/133"}],"wp:attachment":[{"href":"https:\/\/musikgo.org\/index.php?rest_route=%2Fwp%2Fv2%2Fmedia&parent=14"}],"curies":[{"name":"wp","href":"https:\/\/api.w.org\/{rel}","templated":true}]}}