{"id":18,"date":"2024-07-13T11:44:23","date_gmt":"2024-07-13T11:44:23","guid":{"rendered":"https:\/\/musikgo.org\/?page_id=18"},"modified":"2026-03-21T10:20:34","modified_gmt":"2026-03-21T10:20:34","slug":"%e9%a1%b9%e7%9b%ae%e5%92%8c%e9%a1%b9%e7%9b%ae","status":"publish","type":"page","link":"https:\/\/musikgo.org\/?page_id=18","title":{"rendered":"Veranstaltungen und Projekte"},"content":{"rendered":"\r\n<blockquote>\r\n<h2 class=\"wp-block-heading\">Unsere Veranstaltungen und Projekte<\/h2>\r\n<\/blockquote>\r\n<h2>\r\n\r\n<\/h2>\r\n<p>Wir veranstalten regelm\u00e4\u00dfige Konzerte in Altenheimen und Kirchen. Jedes Konzert wird sorgf\u00e4ltig geplant und auf die Bed\u00fcrfnisse des Publikums abgestimmt. Unsere Projekte umfassen auch Workshops und Musiktherapie-Sitzungen, um den positiven Einfluss der Musik weiter zu verbreiten.<\/p>\r\n<h2 class=\"wp-block-heading\"><img loading=\"lazy\" decoding=\"async\" class=\"alignnone wp-image-45 size-large\" src=\"https:\/\/musikgo.org\/wp-content\/uploads\/2024\/08\/2351722851038_.pic_hd-768x1024.jpg\" alt=\"\" width=\"768\" height=\"1024\" srcset=\"https:\/\/musikgo.org\/wp-content\/uploads\/2024\/08\/2351722851038_.pic_hd-768x1024.jpg 768w, https:\/\/musikgo.org\/wp-content\/uploads\/2024\/08\/2351722851038_.pic_hd-225x300.jpg 225w, https:\/\/musikgo.org\/wp-content\/uploads\/2024\/08\/2351722851038_.pic_hd-1152x1536.jpg 1152w, https:\/\/musikgo.org\/wp-content\/uploads\/2024\/08\/2351722851038_.pic_hd.jpg 1536w\" sizes=\"auto, (max-width: 768px) 100vw, 768px\" \/><img loading=\"lazy\" decoding=\"async\" class=\"alignnone wp-image-65 size-large\" style=\"font-size: 16px;\" src=\"https:\/\/musikgo.org\/wp-content\/uploads\/2024\/10\/IMG_6606-683x1024.png\" alt=\"\" width=\"683\" height=\"1024\" srcset=\"https:\/\/musikgo.org\/wp-content\/uploads\/2024\/10\/IMG_6606-683x1024.png 683w, https:\/\/musikgo.org\/wp-content\/uploads\/2024\/10\/IMG_6606-200x300.png 200w, https:\/\/musikgo.org\/wp-content\/uploads\/2024\/10\/IMG_6606-768x1152.png 768w, https:\/\/musikgo.org\/wp-content\/uploads\/2024\/10\/IMG_6606-1024x1536.png 1024w, https:\/\/musikgo.org\/wp-content\/uploads\/2024\/10\/IMG_6606-1365x2048.png 1365w, https:\/\/musikgo.org\/wp-content\/uploads\/2024\/10\/IMG_6606.png 1792w\" sizes=\"auto, (max-width: 683px) 100vw, 683px\" \/><\/h2>\r\n<h2 class=\"wp-block-heading\"><img loading=\"lazy\" decoding=\"async\" class=\"alignleft wp-image-62 size-large\" src=\"https:\/\/musikgo.org\/wp-content\/uploads\/2024\/10\/94346d98-1aa4-4af9-603d-6f432aebae43-2-682x1024.png\" alt=\"\" width=\"682\" height=\"1024\" srcset=\"https:\/\/musikgo.org\/wp-content\/uploads\/2024\/10\/94346d98-1aa4-4af9-603d-6f432aebae43-2-682x1024.png 682w, https:\/\/musikgo.org\/wp-content\/uploads\/2024\/10\/94346d98-1aa4-4af9-603d-6f432aebae43-2-200x300.png 200w, https:\/\/musikgo.org\/wp-content\/uploads\/2024\/10\/94346d98-1aa4-4af9-603d-6f432aebae43-2-768x1152.png 768w, https:\/\/musikgo.org\/wp-content\/uploads\/2024\/10\/94346d98-1aa4-4af9-603d-6f432aebae43-2-1024x1536.png 1024w, https:\/\/musikgo.org\/wp-content\/uploads\/2024\/10\/94346d98-1aa4-4af9-603d-6f432aebae43-2-1365x2048.png 1365w\" sizes=\"auto, (max-width: 682px) 100vw, 682px\" \/><\/h2>\r\n<h2 class=\"wp-block-heading\"><img loading=\"lazy\" decoding=\"async\" class=\"alignnone wp-image-67 size-large\" src=\"https:\/\/musikgo.org\/wp-content\/uploads\/2024\/10\/IMG_6607-683x1024.png\" alt=\"\" width=\"683\" height=\"1024\" srcset=\"https:\/\/musikgo.org\/wp-content\/uploads\/2024\/10\/IMG_6607-683x1024.png 683w, https:\/\/musikgo.org\/wp-content\/uploads\/2024\/10\/IMG_6607-200x300.png 200w, https:\/\/musikgo.org\/wp-content\/uploads\/2024\/10\/IMG_6607-768x1152.png 768w, https:\/\/musikgo.org\/wp-content\/uploads\/2024\/10\/IMG_6607-1024x1536.png 1024w, https:\/\/musikgo.org\/wp-content\/uploads\/2024\/10\/IMG_6607-1365x2048.png 1365w\" sizes=\"auto, (max-width: 683px) 100vw, 683px\" \/><img loading=\"lazy\" decoding=\"async\" class=\"alignnone wp-image-74 size-large\" style=\"font-size: 16px;\" src=\"https:\/\/musikgo.org\/wp-content\/uploads\/2024\/10\/IMG_7001-683x1024.png\" alt=\"\" width=\"683\" height=\"1024\" srcset=\"https:\/\/musikgo.org\/wp-content\/uploads\/2024\/10\/IMG_7001-683x1024.png 683w, https:\/\/musikgo.org\/wp-content\/uploads\/2024\/10\/IMG_7001-200x300.png 200w, https:\/\/musikgo.org\/wp-content\/uploads\/2024\/10\/IMG_7001-768x1152.png 768w, https:\/\/musikgo.org\/wp-content\/uploads\/2024\/10\/IMG_7001-1024x1536.png 1024w, https:\/\/musikgo.org\/wp-content\/uploads\/2024\/10\/IMG_7001-1365x2048.png 1365w, https:\/\/musikgo.org\/wp-content\/uploads\/2024\/10\/IMG_7001.png 1792w\" sizes=\"auto, (max-width: 683px) 100vw, 683px\" \/><\/h2>\r\n<p><img loading=\"lazy\" decoding=\"async\" class=\"alignnone wp-image-131 size-large\" src=\"https:\/\/musikgo.org\/wp-content\/uploads\/2024\/10\/WechatIMG265-683x1024.jpeg\" alt=\"\" width=\"683\" height=\"1024\" srcset=\"https:\/\/musikgo.org\/wp-content\/uploads\/2024\/10\/WechatIMG265-683x1024.jpeg 683w, https:\/\/musikgo.org\/wp-content\/uploads\/2024\/10\/WechatIMG265-200x300.jpeg 200w, https:\/\/musikgo.org\/wp-content\/uploads\/2024\/10\/WechatIMG265-768x1152.jpeg 768w, https:\/\/musikgo.org\/wp-content\/uploads\/2024\/10\/WechatIMG265-1024x1536.jpeg 1024w, https:\/\/musikgo.org\/wp-content\/uploads\/2024\/10\/WechatIMG265.jpeg 1280w\" sizes=\"auto, (max-width: 683px) 100vw, 683px\" \/><\/p>\r\n<h2 class=\"wp-block-heading\"><img loading=\"lazy\" decoding=\"async\" class=\"alignnone wp-image-138 size-large\" style=\"font-size: 16px;\" src=\"https:\/\/musikgo.org\/wp-content\/uploads\/2024\/11\/img_8329-1-683x1024.png\" alt=\"\" width=\"683\" height=\"1024\" srcset=\"https:\/\/musikgo.org\/wp-content\/uploads\/2024\/11\/img_8329-1-683x1024.png 683w, https:\/\/musikgo.org\/wp-content\/uploads\/2024\/11\/img_8329-1-200x300.png 200w, https:\/\/musikgo.org\/wp-content\/uploads\/2024\/11\/img_8329-1-768x1152.png 768w, https:\/\/musikgo.org\/wp-content\/uploads\/2024\/11\/img_8329-1-1024x1536.png 1024w, https:\/\/musikgo.org\/wp-content\/uploads\/2024\/11\/img_8329-1-1365x2048.png 1365w, https:\/\/musikgo.org\/wp-content\/uploads\/2024\/11\/img_8329-1.png 1792w\" sizes=\"auto, (max-width: 683px) 100vw, 683px\" \/><img loading=\"lazy\" decoding=\"async\" class=\"alignnone wp-image-144 size-large\" src=\"https:\/\/musikgo.org\/wp-content\/uploads\/2025\/02\/IMG_1211-683x1024.png\" alt=\"\" width=\"683\" height=\"1024\" srcset=\"https:\/\/musikgo.org\/wp-content\/uploads\/2025\/02\/IMG_1211-683x1024.png 683w, https:\/\/musikgo.org\/wp-content\/uploads\/2025\/02\/IMG_1211-200x300.png 200w, https:\/\/musikgo.org\/wp-content\/uploads\/2025\/02\/IMG_1211-768x1152.png 768w, https:\/\/musikgo.org\/wp-content\/uploads\/2025\/02\/IMG_1211-1024x1536.png 1024w, https:\/\/musikgo.org\/wp-content\/uploads\/2025\/02\/IMG_1211-1365x2048.png 1365w, https:\/\/musikgo.org\/wp-content\/uploads\/2025\/02\/IMG_1211.png 1792w\" sizes=\"auto, (max-width: 683px) 100vw, 683px\" \/><img loading=\"lazy\" decoding=\"async\" class=\"alignnone wp-image-148 size-large\" style=\"font-size: 16px;\" src=\"https:\/\/musikgo.org\/wp-content\/uploads\/2025\/04\/IMG_3289-2-682x1024.png\" alt=\"\" width=\"682\" height=\"1024\" srcset=\"https:\/\/musikgo.org\/wp-content\/uploads\/2025\/04\/IMG_3289-2-682x1024.png 682w, https:\/\/musikgo.org\/wp-content\/uploads\/2025\/04\/IMG_3289-2-200x300.png 200w, https:\/\/musikgo.org\/wp-content\/uploads\/2025\/04\/IMG_3289-2-768x1152.png 768w, https:\/\/musikgo.org\/wp-content\/uploads\/2025\/04\/IMG_3289-2-1024x1536.png 1024w, https:\/\/musikgo.org\/wp-content\/uploads\/2025\/04\/IMG_3289-2-1365x2048.png 1365w, https:\/\/musikgo.org\/wp-content\/uploads\/2025\/04\/IMG_3289-2-scaled.png 1706w\" sizes=\"auto, (max-width: 682px) 100vw, 682px\" \/><\/h2>\r\n<p><img loading=\"lazy\" decoding=\"async\" class=\"alignnone wp-image-150 size-large\" src=\"https:\/\/musikgo.org\/wp-content\/uploads\/2025\/06\/img_5652-1-683x1024.png\" alt=\"\" width=\"683\" height=\"1024\" srcset=\"https:\/\/musikgo.org\/wp-content\/uploads\/2025\/06\/img_5652-1-683x1024.png 683w, https:\/\/musikgo.org\/wp-content\/uploads\/2025\/06\/img_5652-1-200x300.png 200w, https:\/\/musikgo.org\/wp-content\/uploads\/2025\/06\/img_5652-1-768x1152.png 768w, https:\/\/musikgo.org\/wp-content\/uploads\/2025\/06\/img_5652-1-1024x1536.png 1024w, https:\/\/musikgo.org\/wp-content\/uploads\/2025\/06\/img_5652-1-1365x2048.png 1365w, https:\/\/musikgo.org\/wp-content\/uploads\/2025\/06\/img_5652-1-scaled.png 1707w\" sizes=\"auto, (max-width: 683px) 100vw, 683px\" \/><\/p>\r\n<p><img loading=\"lazy\" decoding=\"async\" class=\"size-large wp-image-154\" src=\"https:\/\/musikgo.org\/wp-content\/uploads\/2025\/09\/IMG_5569-682x1024.jpg\" alt=\"\" width=\"682\" height=\"1024\" srcset=\"https:\/\/musikgo.org\/wp-content\/uploads\/2025\/09\/IMG_5569-682x1024.jpg 682w, https:\/\/musikgo.org\/wp-content\/uploads\/2025\/09\/IMG_5569-200x300.jpg 200w, https:\/\/musikgo.org\/wp-content\/uploads\/2025\/09\/IMG_5569-768x1152.jpg 768w, https:\/\/musikgo.org\/wp-content\/uploads\/2025\/09\/IMG_5569-1024x1536.jpg 1024w, https:\/\/musikgo.org\/wp-content\/uploads\/2025\/09\/IMG_5569-1365x2048.jpg 1365w, https:\/\/musikgo.org\/wp-content\/uploads\/2025\/09\/IMG_5569-scaled.jpg 1706w\" sizes=\"auto, (max-width: 682px) 100vw, 682px\" \/><\/p>\r\n<p><img loading=\"lazy\" decoding=\"async\" class=\"wp-image-157 size-large\" src=\"https:\/\/musikgo.org\/wp-content\/uploads\/2025\/12\/IMG_7879-682x1024.jpg\" alt=\"\" width=\"682\" height=\"1024\" srcset=\"https:\/\/musikgo.org\/wp-content\/uploads\/2025\/12\/IMG_7879-682x1024.jpg 682w, https:\/\/musikgo.org\/wp-content\/uploads\/2025\/12\/IMG_7879-200x300.jpg 200w, https:\/\/musikgo.org\/wp-content\/uploads\/2025\/12\/IMG_7879-768x1152.jpg 768w, https:\/\/musikgo.org\/wp-content\/uploads\/2025\/12\/IMG_7879-1024x1536.jpg 1024w, https:\/\/musikgo.org\/wp-content\/uploads\/2025\/12\/IMG_7879-1365x2048.jpg 1365w, https:\/\/musikgo.org\/wp-content\/uploads\/2025\/12\/IMG_7879-scaled.jpg 1706w\" sizes=\"auto, (max-width: 682px) 100vw, 682px\" \/><\/p>\r\n<p><img loading=\"lazy\" decoding=\"async\" class=\"alignnone size-large wp-image-160\" src=\"https:\/\/musikgo.org\/wp-content\/uploads\/2026\/03\/img_2564-682x1024.jpg\" alt=\"\" width=\"682\" height=\"1024\" srcset=\"https:\/\/musikgo.org\/wp-content\/uploads\/2026\/03\/img_2564-682x1024.jpg 682w, https:\/\/musikgo.org\/wp-content\/uploads\/2026\/03\/img_2564-200x300.jpg 200w, https:\/\/musikgo.org\/wp-content\/uploads\/2026\/03\/img_2564-768x1152.jpg 768w, https:\/\/musikgo.org\/wp-content\/uploads\/2026\/03\/img_2564-1024x1536.jpg 1024w, https:\/\/musikgo.org\/wp-content\/uploads\/2026\/03\/img_2564-1365x2048.jpg 1365w, https:\/\/musikgo.org\/wp-content\/uploads\/2026\/03\/img_2564-scaled.jpg 1706w\" sizes=\"auto, (max-width: 682px) 100vw, 682px\" \/><\/p>\r\n<p><img loading=\"lazy\" decoding=\"async\" class=\"alignnone wp-image-159 size-large\" src=\"https:\/\/musikgo.org\/wp-content\/uploads\/2026\/03\/img_2732-682x1024.jpg\" alt=\"\" width=\"682\" height=\"1024\" srcset=\"https:\/\/musikgo.org\/wp-content\/uploads\/2026\/03\/img_2732-682x1024.jpg 682w, https:\/\/musikgo.org\/wp-content\/uploads\/2026\/03\/img_2732-200x300.jpg 200w, https:\/\/musikgo.org\/wp-content\/uploads\/2026\/03\/img_2732-768x1152.jpg 768w, https:\/\/musikgo.org\/wp-content\/uploads\/2026\/03\/img_2732-1024x1536.jpg 1024w, https:\/\/musikgo.org\/wp-content\/uploads\/2026\/03\/img_2732-1365x2048.jpg 1365w, https:\/\/musikgo.org\/wp-content\/uploads\/2026\/03\/img_2732-scaled.jpg 1706w\" sizes=\"auto, (max-width: 682px) 100vw, 682px\" \/><\/p>\r\n","protected":false},"excerpt":{"rendered":"<p>Unsere Veranstaltungen und Projekte Wir veranstalten regelm\u00e4\u00dfige Konzerte in Altenheimen und Kirchen. Jedes Konzert wird sorgf\u00e4ltig geplant und auf die Bed\u00fcrfnisse des Publikums abgestimmt. Unsere Projekte umfassen auch Workshops und Musiktherapie-Sitzungen, um den positiven Einfluss der Musik weiter zu verbreiten.<\/p>\n","protected":false},"author":1,"featured_media":0,"parent":0,"menu_order":0,"comment_status":"closed","ping_status":"closed","template":"","meta":{"footnotes":""},"class_list":["post-18","page","type-page","status-publish","hentry"],"_links":{"self":[{"href":"https:\/\/musikgo.org\/index.php?rest_route=\/wp\/v2\/pages\/18","targetHints":{"allow":["GET"]}}],"collection":[{"href":"https:\/\/musikgo.org\/index.php?rest_route=\/wp\/v2\/pages"}],"about":[{"href":"https:\/\/musikgo.org\/index.php?rest_route=\/wp\/v2\/types\/page"}],"author":[{"embeddable":true,"href":"https:\/\/musikgo.org\/index.php?rest_route=\/wp\/v2\/users\/1"}],"replies":[{"embeddable":true,"href":"https:\/\/musikgo.org\/index.php?rest_route=%2Fwp%2Fv2%2Fcomments&post=18"}],"version-history":[{"count":5,"href":"https:\/\/musikgo.org\/index.php?rest_route=\/wp\/v2\/pages\/18\/revisions"}],"predecessor-version":[{"id":162,"href":"https:\/\/musikgo.org\/index.php?rest_route=\/wp\/v2\/pages\/18\/revisions\/162"}],"wp:attachment":[{"href":"https:\/\/musikgo.org\/index.php?rest_route=%2Fwp%2Fv2%2Fmedia&parent=18"}],"curies":[{"name":"wp","href":"https:\/\/api.w.org\/{rel}","templated":true}]}}